{"id":39,"date":"2015-06-05T13:59:36","date_gmt":"2015-06-05T12:59:36","guid":{"rendered":"http:\/\/ara-sgn.org\/wp\/?page_id=39"},"modified":"2016-06-07T15:06:09","modified_gmt":"2016-06-07T13:06:09","slug":"nos-statuts","status":"publish","type":"page","link":"https:\/\/ara-sgn.org\/wp\/nos-statuts\/","title":{"rendered":"Nos Statuts"},"content":{"rendered":"<p style=\"text-align: center;\"><strong>Association des\u00a0 Retrait\u00e9s et Anciens de SGN et d\u2019EURIWARE\u00a0<\/strong><\/p>\n<p style=\"text-align: center;\"><strong>ARA SGN EW<br \/>\n<\/strong><strong>STATUTS <\/strong><\/p>\n<p style=\"text-align: center;\"><strong>Modifi\u00e9s par l\u2019Assembl\u00e9e G\u00e9n\u00e9rale Extraordinaire du 15 mars 2016.\u00a0<\/strong><\/p>\n<p style=\"text-align: justify;\"><strong>Pr\u00e9ambule<\/strong><\/p>\n<p style=\"text-align: justify;\">L\u2019Association des Retrait\u00e9s et Anciens de la Soci\u00e9t\u00e9 G\u00e9n\u00e9rale pour les Techniques Nouvelles\u00a0dont le sigle est ARA SGN fut fond\u00e9e en 1983. Elle est r\u00e9gie par la loi du 1<sup>er<\/sup> juillet 1901 et\u00a0 son d\u00e9cret du 16 ao\u00fbt 1901.<\/p>\n<p style=\"text-align: justify;\">Les membres de l\u2019ARA, d\u00e9cident de r\u00e9viser les Statuts d\u00e9pos\u00e9s le 07 f\u00e9vrier 1983,\u00a0 car ils sont devenus obsol\u00e8tes.<\/p>\n<p style=\"text-align: justify;\"><strong>ARTICLE 1. DENOMINATION<\/strong><\/p>\n<p style=\"text-align: justify;\">Dans la d\u00e9nomination\u00a0 la r\u00e9f\u00e9rence \u00e0 SGN, h\u00e9rit\u00e9e d\u2019une longue tradition,\u00a0 est conserv\u00e9e, tout en r\u00e9pondant au souhait des retrait\u00e9s et anciens d\u2019EURIWARE (AREW) de sauvegarder\u00a0 leur appellation d\u2019origine\u00a0 dans une association ARA \u00e9tendue qui s\u2019appelle:<\/p>\n<p style=\"text-align: justify;\">\u00ab\u00a0Association des\u00a0 Retrait\u00e9s et Anciens de la Soci\u00e9t\u00e9 G\u00e9n\u00e9rale pour les Techniques Nouvelles et d\u2019EURIWARE\u00a0\u00bb\u00a0dont le sigle est ARA SGN EW.<\/p>\n<p style=\"text-align: justify;\"><strong>ARTICLE 2. OBJET<\/strong><\/p>\n<p style=\"text-align: justify;\">Rassembler les pr\u00e9retrait\u00e9s,\u00a0 retrait\u00e9s et anciens de l\u2019ex Soci\u00e9t\u00e9 G\u00e9n\u00e9rale pour les Techniques Nouvelles (absorb\u00e9e par AREVA) et de ses filiales et anciennes filiales, notamment Euriware, afin de leur diffuser toutes informations relatives aux dispositions administratives les concernant et cr\u00e9er une animation culturelle.<\/p>\n<p style=\"text-align: justify;\">Cette Association a notamment pour objet\u00a0:<\/p>\n<ul style=\"text-align: justify;\">\n<li>de susciter la rencontre de ses membres pour assurer tous \u00e9changes de vues et d\u2019exp\u00e9riences\u00a0;<\/li>\n<li>d\u2019informer l\u2019ensemble de ses adh\u00e9rents des dispositions prises par les pouvoirs publics ou organismes divers quant \u00e0 leurs conditions de pr\u00e9retraite ou retraite, au moyens de lettres d\u2019information ou de tout autre document\u00a0;<\/li>\n<li>d\u2019entreprendre les actions n\u00e9cessaires \u00e0 la d\u00e9fense de leurs statuts, de leurs int\u00e9r\u00eats moraux et mat\u00e9riels, ainsi que de ceux de leurs ayants droit\u00a0;<\/li>\n<li>d\u2019agir par tous moyens appropri\u00e9s, notamment aupr\u00e8s des dirigeants\u00a0 d\u2019AREVA\u00a0 et des pouvoirs publics dans l\u2019int\u00e9r\u00eat des retrait\u00e9s et pr\u00e9retrait\u00e9s\u00a0;<\/li>\n<li>de participer \u00e0 toute \u0153uvre ou organisation susceptible d\u2019apporter une aide morale ou mat\u00e9rielle pour la d\u00e9fense des int\u00e9r\u00eats des retrait\u00e9s et des pr\u00e9retrait\u00e9s en g\u00e9n\u00e9ral et en particulier de ses adh\u00e9rents\u00a0;<\/li>\n<li>d\u2019entretenir des rapports \u00e9troits avec la Direction et les services d\u2019AREVA\u00a0 et\u00a0 ses organismes sociaux\u00a0;<\/li>\n<li>d\u2019informer de fa\u00e7on objective ses adh\u00e9rents sur les questions d\u2019\u00e9nergie et d\u2019environnement en g\u00e9n\u00e9ral et nucl\u00e9aire en particulier, en utilisant les connaissances et les comp\u00e9tences de ses adh\u00e9rents\u00a0;<\/li>\n<li>de promouvoir les activit\u00e9s socioculturelles concourant \u00e0 l\u2019\u00e9panouissement physique et intellectuel des adh\u00e9rents\u00a0;<\/li>\n<li>de concourir\u00a0 occasionnellement \u00e0 la formation du personnel AREVA\u00a0 ou de toute autre Soci\u00e9t\u00e9 ou Organisme par des conf\u00e9rences ou interventions faites \u00e0 l\u2019occasion de stages, journ\u00e9es d\u2019\u00e9tudes, s\u00e9minaires, colloques organis\u00e9s par ceux-ci ou \u00e0 leur demande, ou bien en l\u2019accompagnant dans des missions de courte dur\u00e9e ;<\/li>\n<li>de favoriser toutes les initiatives susceptibles d\u2019assurer l\u2019entraide des adh\u00e9rents tant sur le plan moral que mat\u00e9riel.<\/li>\n<\/ul>\n<p style=\"text-align: justify;\"><strong>\u00a0<\/strong><strong>ARTICLE 3. SIEGE SOCIAL<\/strong><\/p>\n<p style=\"text-align: justify;\">Le si\u00e8ge social est\u00a0 fix\u00e9 dans les locaux d\u2019AREVA: 1 rue des H\u00e9rons 78180 Montigny le Bretonneux , commune de la Communaut\u00e9 d\u2019Agglom\u00e9ration\u00a0 de Saint Quentin en Yvelines. Il pourra \u00eatre transf\u00e9r\u00e9 dans tout autre lieu par d\u00e9cision du Conseil d\u2019Administration.<\/p>\n<p style=\"text-align: justify;\"><strong>ARTICLE 4. COMPOSITION<\/strong><\/p>\n<p style=\"text-align: justify;\">L\u2019ARA SGN EW est compos\u00e9e de\u00a0:<\/p>\n<ol style=\"text-align: justify;\">\n<li>Personnes physiques ayant la qualit\u00e9 de Membres Actifs.<\/li>\n<li>Personnes physiques ayant la qualit\u00e9 de Membres d\u2019Honneur.<\/li>\n<li>Personnes physiques ou morales ayant la qualit\u00e9 de Membres Bienfaiteurs.<\/li>\n<\/ol>\n<p style=\"text-align: justify;\"><strong>ARTICLE 5. ADMISSION<\/strong><\/p>\n<ul style=\"text-align: justify;\">\n<li>Membres Actifs<\/li>\n<\/ul>\n<p style=\"text-align: justify;\">Sont admises de droit les personnes ayant effectu\u00e9 tout ou partie de leur carri\u00e8re au sein de l\u2019ex Soci\u00e9t\u00e9 SGN ou de ses filiales et anciennes filiales, en particulier EURIWARE, ayant acc\u00e9d\u00e9 au statut de pr\u00e9retrait\u00e9 ou de retrait\u00e9 au moment de leur cessation d\u2019activit\u00e9 au sein d\u2019Areva ou de toute autre entreprise.<\/p>\n<p style=\"text-align: justify;\">Peuvent \u00eatre \u00e9galement admises, apr\u00e8s accord du Conseil d\u2019Administration, des personnes ext\u00e9rieures ayant travaill\u00e9\u00a0 avec SGN et provenant d\u2019entit\u00e9s\u00a0 telles que l\u2019ex Cogema SMO, AREVA, TA,\u2026<\/p>\n<p style=\"text-align: justify;\">Les conjoints peuvent \u00e9galement \u00eatre membres actifs et le conjoint survivant d\u2019un membre d\u00e9c\u00e9d\u00e9 peut adh\u00e9rer personnellement. Le sigle SGN recouvre les diff\u00e9rentes raisons sociales de la Soci\u00e9t\u00e9 depuis sa cr\u00e9ation en 1961 ainsi que celui de la \u00ab\u00a0Compagnie de Saint-Gobain, Chauny et Cirey\u00a0\u00bb pour ce qui concerne le personnel \u00a0du D\u00e9partement des Produits Organiques de cette soci\u00e9t\u00e9.<\/p>\n<ul style=\"text-align: justify;\">\n<li>Membres d\u2019Honneur<\/li>\n<\/ul>\n<p style=\"text-align: justify;\">Le titre de Membre d\u2019Honneur est d\u00e9cern\u00e9 par l\u2019Assembl\u00e9e G\u00e9n\u00e9rale Ordinaire, sur proposition du Conseil d\u2019Administration, aux personnes physiques ayant rendu des services importants \u00e0 l\u2019Association et qui, \u00e0 ce titre, m\u00e9ritent la reconnaissance de l\u2019ARA SGN EW.<\/p>\n<ul style=\"text-align: justify;\">\n<li>Membres Bienfaiteurs<\/li>\n<\/ul>\n<p style=\"text-align: justify;\">Le titre de Membre Bienfaiteur est d\u00e9cern\u00e9 par l\u2019Assembl\u00e9e G\u00e9n\u00e9rale Ordinaire, sur proposition du Conseil d\u2019Administration, aux personnes physiques ou morales, souhaitant soutenir l\u2019action de l\u2019ARA SGN EW et participer \u00e9ventuellement \u00e0 l\u2019action de celle-ci.<strong>\u00a0<\/strong><\/p>\n<p style=\"text-align: justify;\"><strong>ARTICLE 6. COTISATIONS<\/strong><\/p>\n<p style=\"text-align: justify;\">Chaque membre de l\u2019ARA SGN EW doit acquitter une cotisation minimum annuelle qui est fix\u00e9e chaque ann\u00e9e par l\u2019Assembl\u00e9e G\u00e9n\u00e9rale Ordinaire, sur proposition du Conseil d\u2019Administration.<\/p>\n<p style=\"text-align: justify;\">Les Membres Bienfaiteurs, personnes morales, acquitteront une cotisation au moins \u00e9gale \u00e0 1000 \u20ac.<\/p>\n<p style=\"text-align: justify;\">Les Membres Bienfaiteurs, personnes physiques acquitteront une cotisation au moins \u00e9gale \u00e0 celle des membres actifs.<\/p>\n<p style=\"text-align: justify;\">Les Membres d\u2019Honneur sont dispens\u00e9s de cotisation.<\/p>\n<p style=\"text-align: justify;\">Les conjoints survivants des Membres Actifs acquitteront une cotisation minor\u00e9e.<strong>\u00a0<\/strong><\/p>\n<p style=\"text-align: justify;\"><strong>ARTICLE 7. RADIATION <\/strong><\/p>\n<p style=\"text-align: justify;\">La qualit\u00e9 de membre de l\u2019ARA SGN EW se perd par\u00a0:<\/p>\n<ol style=\"text-align: justify;\">\n<li>La d\u00e9mission transmise par courrier au Pr\u00e9sident.<\/li>\n<li>Le d\u00e9c\u00e8s\u00a0; le conjoint survivant pouvant alors d\u00e9cider d\u2019adh\u00e9rer \u00e0 titre personnel.<\/li>\n<li>L\u2019exclusion est prononc\u00e9e par le Conseil d\u2019Administration pour un non payement de sa\u00a0 cotisation malgr\u00e9 plusieurs relances, ou pour motif grave, l\u2019int\u00e9ress\u00e9 ayant toutefois \u00e9t\u00e9 invit\u00e9 par lettre recommand\u00e9e \u00e0 se pr\u00e9senter devant le Conseil d\u2019Administration pour fournir des explications.<\/li>\n<\/ol>\n<p style=\"text-align: justify;\"><strong>ARTICLE 8. RESSOURCES<\/strong><\/p>\n<p style=\"text-align: justify;\">Les ressources de l\u2019Association comprennent\u00a0:<\/p>\n<ol style=\"text-align: justify;\">\n<li>Le montant des cotisations.<\/li>\n<li>Les revenus de placements \u00e9ventuels.<\/li>\n<li>Les dons manuels et les petites lib\u00e9ralit\u00e9s.<\/li>\n<li>Le remboursement des d\u00e9penses engag\u00e9es pour les services rendus \u00e0 l\u2019occasion des \u00e9v\u00e8nements et actions cit\u00e9s au neuvi\u00e8me point de l\u2019Article 2.<\/li>\n<li>Les ressources cr\u00e9\u00e9es \u00e0 titre exceptionnel et, plus g\u00e9n\u00e9ralement, toute autre ressource autoris\u00e9e par la loi.<\/li>\n<li>Les subventions \u00e9ventuelles d\u2019AREVA, des Comit\u00e9s d\u2019Etablissements et\/ou du Comit\u00e9 Central d\u2019Entreprise de ces soci\u00e9t\u00e9s.<\/li>\n<li>Les subventions \u00e9ventuelles de l\u2019Etat, du D\u00e9partement, de Communaut\u00e9s d\u2019Agglom\u00e9ration ou de Communes et organismes ext\u00e9rieurs.<\/li>\n<\/ol>\n<p style=\"text-align: justify;\"><strong>ARTICLE 9. VERIFICATEURS DE COMPTES<\/strong><\/p>\n<p style=\"text-align: justify;\">L\u2019Assembl\u00e9e G\u00e9n\u00e9rale Ordinaire \u00e9lit\u00a0 un v\u00e9rificateur des comptes, parmi les Membres Actifs n\u2019appartenant pas au Conseil d\u2019Administration (ou choisi sur proposition du Conseil d\u2019Administration \u00e0 l\u2019ext\u00e9rieur de l\u2019ARA si aucun Membre Actif n\u2019est candidat)\u00a0\u00a0 Le v\u00e9rificateur effectue un audit des comptes et \u00e9met un rapport annuel pour pr\u00e9sentation \u00e0\u00a0 l\u2019Assembl\u00e9e G\u00e9n\u00e9rale Ordinaire suivante.<strong>\u00a0<\/strong><\/p>\n<p style=\"text-align: justify;\"><strong>ARTICLE 10. CONSEIL D\u2019ADMINISTRATION<\/strong><\/p>\n<p style=\"text-align: justify;\">L\u2019ARA SGN EW est dirig\u00e9e par un Conseil d\u2019Administration de seize membres au maximum et de huit membres au minimum, \u00e9lus pour deux ann\u00e9es par l\u2019Assembl\u00e9e G\u00e9n\u00e9rale parmi les Membres Actifs. Les membres sont r\u00e9\u00e9ligibles.<\/p>\n<p style=\"text-align: justify;\">Le Conseil d\u2019Administration \u00e9lit\u00a0 parmi ses membres,\u00a0 un bureau compos\u00e9 de\u00a0:<\/p>\n<ol style=\"text-align: justify;\">\n<li>Un Pr\u00e9sident.<\/li>\n<li>Un Vice-pr\u00e9sident.<\/li>\n<li>Un Secr\u00e9taire et un Secr\u00e9taire adjoint.<\/li>\n<li>Un Tr\u00e9sorier et un Tr\u00e9sorier adjoint.<\/li>\n<\/ol>\n<p style=\"text-align: justify;\">Le Conseil d\u2019Administration est renouvel\u00e9 partiellement chaque ann\u00e9e. Si en cours de mandat, le nombre d\u2019Administrateurs tombe \u00e0 moins de huit membres (d\u00e9mission, indisponibilit\u00e9, radiation, disparition\u2026), le Conseil d\u2019Administration pourvoit provisoirement au remplacement des ses membres manquants par cooptation parmi les Membres Actifs de l\u2019ARA SGN EW. Il est proc\u00e9d\u00e9 \u00e0 leur remplacement d\u00e9finitif lors de la plus prochaine Assembl\u00e9e G\u00e9n\u00e9rale Ordinaire. Les membres coopt\u00e9s peuvent \u00eatre candidats et conservent leurs pouvoirs s\u2019ils sont \u00e9lus.<\/p>\n<p style=\"text-align: justify;\">Le Conseil d\u2019Administration a tous pouvoirs pour g\u00e9rer au mieux les int\u00e9r\u00eats de l\u2019Association.<\/p>\n<p style=\"text-align: justify;\"><strong>R\u00f4les principaux du Conseil d\u2019Administration.<\/strong><\/p>\n<p style=\"text-align: justify;\">Le Conseil d\u2019Administration est investi des droits les plus \u00e9tendus pour faire ou autoriser tous actes qui ne sont pas express\u00e9ment r\u00e9serv\u00e9s \u00e0 l\u2019Assembl\u00e9e G\u00e9n\u00e9rale Ordinaire dans le cadre de la loi de 1901 et des autres textes existants, ou \u00e0 venir, r\u00e8glementant les associations.<\/p>\n<p style=\"text-align: justify;\">Notamment, il ex\u00e9cute les d\u00e9cisions vot\u00e9es par les Assembl\u00e9es G\u00e9n\u00e9rales Ordinaires, pr\u00e9pare celles-ci, pr\u00e9voit les d\u00e9penses, propose et g\u00e8re le budget annuel et repr\u00e9sente l\u2019ARA SGN EW dans toutes les d\u00e9marches et actions aupr\u00e8s des tiers.<\/p>\n<p style=\"text-align: justify;\">Le Pr\u00e9sident, qui pr\u00e9side de droit le Conseil d\u2019Administration et les Assembl\u00e9es G\u00e9n\u00e9rales, repr\u00e9sente l\u2019ARA SGN EW en justice et dans tous les actes de la vie civile. Par d\u00e9l\u00e9gation du Conseil d\u2019Administration, il dispose des pouvoirs les plus \u00e9tendus, notamment en mati\u00e8re financi\u00e8re et peut en subd\u00e9l\u00e9guer tout ou partie \u00e0 un ou plusieurs administrateurs, pour une mission particuli\u00e8re strictement d\u00e9finie. Toutefois, en ce qui concerne la repr\u00e9sentation en justice, d\u00e9l\u00e9gation ne peut \u00eatre donn\u00e9e qu\u2019\u00e0 un mandataire agissant en vertu d\u2019une procuration sp\u00e9ciale.<\/p>\n<p style=\"text-align: justify;\">Les administrateurs ne re\u00e7oivent aucune r\u00e9mun\u00e9ration pour leurs fonctions. Seuls leurs frais relatifs \u00e0 la r\u00e9alisation de l\u2019objet associatif, d\u00fbment justifi\u00e9s, leur seront rembours\u00e9s.<\/p>\n<p style=\"text-align: justify;\">Le Conseil d\u2019Administration a la facult\u00e9 de s\u2019entourer \u00e9ventuellement de tous les employ\u00e9s r\u00e9mun\u00e9r\u00e9s qu\u2019il jugera utiles\u00a0: il fixe leurs attributions, leurs appointements et proc\u00e8de \u00e0 leur nomination et leur r\u00e9vocation.<\/p>\n<p style=\"text-align: justify;\">Les Membres\u00a0 Bienfaiteurs ne peuvent \u00eatre \u00e9lus au Conseil d\u2019Administration. Celui-ci peut cependant s\u2019adjoindre un ou deux Membres\u00a0 Bienfaiteurs participant \u00e0 titre consultatif aux activit\u00e9s du Conseil.<\/p>\n<p style=\"text-align: justify;\">Le Conseil d\u2019Administration souscrit une assurance de responsabilit\u00e9 civile couvrant la responsabilit\u00e9 des mandataires et les dommages \u00e9ventuels caus\u00e9s aux tiers lors d\u2019activit\u00e9s de l\u2019ARA SGN EW.<strong>\u00a0<\/strong><\/p>\n<p style=\"text-align: justify;\"><strong>ARTICLE 11. REUNION DU CONSEIL D\u2019ADMINISTRATION<\/strong><\/p>\n<p style=\"text-align: justify;\">Le Conseil d\u2019Administration se r\u00e9unit au moins quatre fois par an, sur convocation du Pr\u00e9sident, ou sur la demande du quart de ses membres.<\/p>\n<p style=\"text-align: justify;\">Les d\u00e9cisions sont prises \u00e0 la majorit\u00e9 des voix, en cas de partage, la voix du Pr\u00e9sident est pr\u00e9pond\u00e9rante.<\/p>\n<p style=\"text-align: justify;\">Tout membre du Conseil d\u2019Administration, qui sans excuse, n\u2019aura pas assist\u00e9 \u00e0 trois r\u00e9unions cons\u00e9cutives, pourra \u00eatre consid\u00e9r\u00e9 comme d\u00e9missionnaire.<strong>\u00a0<\/strong><\/p>\n<p style=\"text-align: justify;\"><strong>ARTICLE 12. ASSEMBLEE GENERALE ORDINAIRE<\/strong><\/p>\n<p style=\"text-align: justify;\">L\u2019Assembl\u00e9e G\u00e9n\u00e9rale Ordinaire comprend tous les Membres Actifs de l\u2019Association \u00e0 jour de cotisation. Les autres membres, \u00e0 quelque titre qu\u2019ils soient affili\u00e9s, peuvent y assister. L\u2019Assembl\u00e9e G\u00e9n\u00e9rale Ordinaire se r\u00e9unit chaque ann\u00e9e au cours du premier trimestre.<\/p>\n<p style=\"text-align: justify;\">Quinze jours au moins avant la date fix\u00e9e, les membres de l\u2019Association sont convoqu\u00e9s par les soins du Secr\u00e9taire. L\u2019ordre du jour est indiqu\u00e9 sur les convocations.<\/p>\n<p style=\"text-align: justify;\">Le Pr\u00e9sident, assist\u00e9 des membres du Conseil d\u2019Administration, pr\u00e9side l\u2019Assembl\u00e9e et expose la situation morale de l\u2019Association. Le Tr\u00e9sorier rend compte de sa gestion et soumet le bilan, \u00a0le compte de r\u00e9sultat de l\u2019exercice \u00e9coul\u00e9 et le budget de l\u2019exercice \u00e0 venir, \u00e0 l\u2019approbation de l\u2019Assembl\u00e9e G\u00e9n\u00e9rale Ordinaire. Il est proc\u00e9d\u00e9 apr\u00e8s \u00e9puisement de l\u2019ordre du jour, au remplacement des membres du Conseil d\u2019Administration sortants.<\/p>\n<p style=\"text-align: justify;\">Ne devront \u00eatre trait\u00e9es, lors de l\u2019Assembl\u00e9e G\u00e9n\u00e9rale, que les questions \u00e0 l\u2019ordre du jour.<\/p>\n<p style=\"text-align: justify;\">Les d\u00e9cisions soumises au vote de l\u2019Assembl\u00e9e G\u00e9n\u00e9rale Ordinaire devront \u00eatre prises \u00e0 la majorit\u00e9 simple des Membres Actifs pr\u00e9sents ou repr\u00e9sent\u00e9s.<\/p>\n<p style=\"text-align: justify;\">La validit\u00e9 de l\u2019Assembl\u00e9e G\u00e9n\u00e9rale Ordinaire est acquise si le quorum du tiers des Membres Actifs de l\u2019ARA SGN EW \u00e0 jour de cotisation, pr\u00e9sents ou repr\u00e9sent\u00e9s, est atteint.<\/p>\n<p style=\"text-align: justify;\">Un membre de l\u2019Association ne peut \u00eatre repr\u00e9sent\u00e9 que par un autre membre auquel il a donn\u00e9 pouvoir par \u00e9crit.<\/p>\n<p style=\"text-align: justify;\">Au cas o\u00f9 le quorum n\u2019aurait pu \u00eatre atteint, une seconde Assembl\u00e9e est convoqu\u00e9e dans les quinze jours sur le m\u00eame ordre du jour. Les d\u00e9cisions soumises au vote seront prises \u00e0 la majorit\u00e9 simple des Membres Actifs pr\u00e9sents ou repr\u00e9sent\u00e9s.<strong>\u00a0<\/strong><\/p>\n<p style=\"text-align: justify;\"><strong>ARTICLE 13. ASSEMBLEE GENERALE EXTRAORDINAIRE<\/strong><\/p>\n<p style=\"text-align: justify;\">Si besoin est, ou sur la demande de la moiti\u00e9 plus un des Membres Actifs inscrits, le Pr\u00e9sident peut convoquer une Assembl\u00e9e G\u00e9n\u00e9rale Extraordinaire, suivant les formalit\u00e9s pr\u00e9vues \u00e0 l\u2019article 12.<\/p>\n<p style=\"text-align: justify;\">Les d\u00e9cisions soumises au vote de l\u2019Assembl\u00e9e G\u00e9n\u00e9rale Extraordinaire devront \u00eatre prises \u00e0 la majorit\u00e9 des deux tiers des Membres Actifs pr\u00e9sents ou repr\u00e9sent\u00e9s.<\/p>\n<p style=\"text-align: justify;\">La validit\u00e9 de l\u2019Assembl\u00e9e G\u00e9n\u00e9rale Extraordinaire, est acquise si le quorum du quart des Membres Actifs de l\u2019Association, \u00e0 jour de leurs cotisations, pr\u00e9sents ou repr\u00e9sent\u00e9s, est atteint.<\/p>\n<p style=\"text-align: justify;\"><strong>ARTICLE 14. VOTES<\/strong><\/p>\n<p style=\"text-align: justify;\">Tous les votes en Conseil d\u2019Administration ou en Assembl\u00e9e G\u00e9n\u00e9rale se font \u00e0 main lev\u00e9e. Ils se font \u00e0 bulletin secret pour les \u00e9lections de personnes, \u00e0 la demande d\u2019un adh\u00e9rent.<\/p>\n<p style=\"text-align: justify;\"><strong>ARTICLE 15. COMMISSIONS<\/strong><\/p>\n<p style=\"text-align: justify;\">Afin de proc\u00e9der \u00e0 l\u2019\u00e9tude de certains probl\u00e8mes particuliers, le Conseil d\u2019Administration pourra, d\u00e9lib\u00e9rant \u00e0 la majorit\u00e9 simple de ses membres, d\u00e9cider la cr\u00e9ation de Commissions compos\u00e9es de membres actifs qui devront \u00eatre anim\u00e9es par un membre du Conseil, charg\u00e9 de faire remonter l\u2019information au Conseil.<\/p>\n<p style=\"text-align: justify;\"><strong>ARTICLE 16. MOYENS DE COMMUNICATION<\/strong><\/p>\n<p style=\"text-align: justify;\">Ces moyens sont notamment\u00a0:<\/p>\n<ul>\n<li style=\"text-align: justify;\">Un site internet.<\/li>\n<li style=\"text-align: justify;\">La publication semestrielle de la revue \u00ab\u00a0Les Plumes de l\u2019ARA\u00a0\u00bb.<\/li>\n<li style=\"text-align: justify;\">Des publications sous forme de FLASH, imprim\u00e9es ou diffus\u00e9es par internet.<\/li>\n<li style=\"text-align: justify;\">Des courriers et courriels.<\/li>\n<li style=\"text-align: justify;\">Organisation de r\u00e9unions, rencontres, conf\u00e9rences, manifestations, sondages sur des points particuliers.<\/li>\n<\/ul>\n<p style=\"text-align: justify;\"><strong>ARTICLE 17. CORRESPONDANTS REGIONAUX<\/strong><\/p>\n<p style=\"text-align: justify;\">L\u2019ARA SGN EW dispose de deux correspondants r\u00e9gionaux\u00a0: NORD-OUEST et SUD-EST. L\u2019ARA SGN EW se r\u00e9serve le droit d\u2019en cr\u00e9er dans d\u2019autres r\u00e9gions.<\/p>\n<p style=\"text-align: justify;\">Chaque correspondant habite dans la r\u00e9gion concern\u00e9e. Il est membre du Conseil d\u2019Administration et charg\u00e9 de relayer localement l\u2019information et les actions du Conseil d\u2019Administration.<\/p>\n<p style=\"text-align: justify;\"><strong>ARTICLE 18. REGLEMENT INTERIEUR<\/strong><\/p>\n<p style=\"text-align: justify;\">Un r\u00e8glement int\u00e9rieur peut \u00eatre \u00e9tabli par le Conseil d\u2019Administration. Ce r\u00e8glement int\u00e9rieur est destin\u00e9 \u00e0 fixer les divers points non pr\u00e9vus par les statuts, notamment ceux qui ont trait \u00e0 l\u2019administration interne de l\u2019Association.<\/p>\n<p style=\"text-align: justify;\"><strong>ARTICLE 19. LIAISONS EXTERIEURES<\/strong><\/p>\n<p style=\"text-align: justify;\">L\u2019ARA SGN EW entretient des relations suivies, avec l\u2019UARGA (Union des Associations des Anciens et Retrait\u00e9s du Groupe AREVA), l\u2019ARSCA (Association des Retrait\u00e9s et Anciens d\u2019AREVA) et l\u2019ARCEA\u00a0 (Association des Retrait\u00e9s du Groupe CEA, section PARIS-FAR).<\/p>\n<p style=\"text-align: justify;\">Elle peut \u00e9galement s\u2019affilier \u00e0 des f\u00e9d\u00e9rations ou organismes dont les objectifs sont semblables aux siens. Le Conseil d\u2019Administration a comp\u00e9tence pour d\u00e9signer de telles affiliations dont la ratification est prononc\u00e9e par la premi\u00e8re Assembl\u00e9e G\u00e9n\u00e9rale Ordinaire qui suit la d\u00e9cision.<\/p>\n<p style=\"text-align: justify;\"><strong>ARTICLE 20. DISSOLUTION<\/strong><\/p>\n<p style=\"text-align: justify;\">L\u2019ARA SGN EW est constitu\u00e9e pour une dur\u00e9e ind\u00e9termin\u00e9e.<\/p>\n<p style=\"text-align: justify;\">La dissolution volontaire doit \u00eatre prononc\u00e9e par les deux tiers au moins des Membres Actifs pr\u00e9sents \u00e0 l\u2019Assembl\u00e9e G\u00e9n\u00e9rale Extraordinaire qui statue sur la dissolution, un ou plusieurs liquidateurs sont nomm\u00e9s par celle-ci.\u00a0 Conform\u00e9ment \u00e0 l\u2019article 9 de la loi du 1<sup>er<\/sup> juillet 1901 et son d\u00e9cret du 16 ao\u00fbt 1901, l\u2019actif, s\u2019il y a lieu, sera d\u00e9volu suivant les r\u00e8gles fix\u00e9es par l\u2019Assembl\u00e9e G\u00e9n\u00e9rale Extraordinaire qui statue sur la dissolution. La fusion \u00e9ventuelle avec une autre Association, sera effectu\u00e9e conform\u00e9ment \u00e0 l\u2019article 9 bis de cette m\u00eame loi.<\/p>\n<p style=\"text-align: justify;\">\n","protected":false},"excerpt":{"rendered":"<p>Association des\u00a0 Retrait\u00e9s et Anciens de SGN et d\u2019EURIWARE\u00a0 ARA SGN EW STATUTS Modifi\u00e9s par l\u2019Assembl\u00e9e G\u00e9n\u00e9rale Extraordinaire du 15 mars 2016.\u00a0 Pr\u00e9ambule L\u2019Association des Retrait\u00e9s et Anciens de la Soci\u00e9t\u00e9 G\u00e9n\u00e9rale pour les Techniques Nouvelles\u00a0dont le sigle est ARA <span class=\"excerpt-dots\">&hellip;<\/span> <a class=\"more-link\" href=\"https:\/\/ara-sgn.org\/wp\/nos-statuts\/\"><span class=\"more-msg\">Lire la suite &rarr;<\/span><\/a><\/p>\n","protected":false},"author":1,"featured_media":0,"parent":0,"menu_order":0,"comment_status":"closed","ping_status":"open","template":"","meta":{"_crdt_document":"","footnotes":""},"class_list":["post-39","page","type-page","status-publish","hentry"],"_links":{"self":[{"href":"https:\/\/ara-sgn.org\/wp\/wp-json\/wp\/v2\/pages\/39","targetHints":{"allow":["GET"]}}],"collection":[{"href":"https:\/\/ara-sgn.org\/wp\/wp-json\/wp\/v2\/pages"}],"about":[{"href":"https:\/\/ara-sgn.org\/wp\/wp-json\/wp\/v2\/types\/page"}],"author":[{"embeddable":true,"href":"https:\/\/ara-sgn.org\/wp\/wp-json\/wp\/v2\/users\/1"}],"replies":[{"embeddable":true,"href":"https:\/\/ara-sgn.org\/wp\/wp-json\/wp\/v2\/comments?post=39"}],"version-history":[{"count":9,"href":"https:\/\/ara-sgn.org\/wp\/wp-json\/wp\/v2\/pages\/39\/revisions"}],"predecessor-version":[{"id":1156,"href":"https:\/\/ara-sgn.org\/wp\/wp-json\/wp\/v2\/pages\/39\/revisions\/1156"}],"wp:attachment":[{"href":"https:\/\/ara-sgn.org\/wp\/wp-json\/wp\/v2\/media?parent=39"}],"curies":[{"name":"wp","href":"https:\/\/api.w.org\/{rel}","templated":true}]}}